{"id":438,"date":"2025-03-10T14:24:33","date_gmt":"2025-03-10T14:24:33","guid":{"rendered":"https:\/\/girgravure.fr\/?page_id=438"},"modified":"2025-03-10T14:25:16","modified_gmt":"2025-03-10T14:25:16","slug":"mentions-legales","status":"publish","type":"page","link":"https:\/\/girgravure.fr\/index.php\/mentions-legales\/","title":{"rendered":"Mentions L\u00e9gales"},"content":{"rendered":"\t\t<div data-elementor-type=\"wp-page\" data-elementor-id=\"438\" class=\"elementor elementor-438\" data-elementor-post-type=\"page\">\n\t\t\t\t<div class=\"elementor-element elementor-element-12b846f e-flex e-con-boxed e-con e-parent\" data-id=\"12b846f\" data-element_type=\"container\" data-e-type=\"container\">\n\t\t\t\t\t<div class=\"e-con-inner\">\n\t\t\t\t<div class=\"elementor-element elementor-element-0128396 elementor-widget elementor-widget-text-editor\" data-id=\"0128396\" data-element_type=\"widget\" data-e-type=\"widget\" data-widget_type=\"text-editor.default\">\n\t\t\t\t<div class=\"elementor-widget-container\">\n\t\t\t\t\t\t\t\t\t<p data-pm-slice=\"1 1 []\">\n<\/p><p><strong>1. Pr\u00e9sentation du site<\/strong><br>Le site internet <strong>Girgravure.fr<\/strong> est un site non-marchand appartenant \u00e0 :<\/p>\n<p><strong>Entreprise :<\/strong> Gir Gravure<br><strong>Propri\u00e9taire :<\/strong> M. Vincent RICHARD<br><strong>Si\u00e8ge social :<\/strong> 81 rue Jean-Baptiste Defernez, 62800 Li\u00e9vin<br><strong>Email :<\/strong>&nbsp;contact@girgravure.fr<br><\/p>\n<p><strong>2. Responsable de la publication<\/strong><br>M. Vincent RICHARD est le responsable de la publication du site <strong>Girgravure.fr<\/strong>.<\/p>\n<p><strong>3. H\u00e9bergement<\/strong><br>Le site <strong>Girgravure.fr<\/strong> est h\u00e9berg\u00e9 par :<\/p>\n<p><strong>H\u00e9bergeur :<\/strong> IONOS<br><strong>Si\u00e8ge social :<\/strong> 7, place de la Gare, 57200 Sarreguemines, France<br><strong>Site web :<\/strong> <a href=\"https:\/\/www.ionos.fr\">www.ionos.fr<\/a><\/p>\n<p><strong>4. Propri\u00e9t\u00e9 intellectuelle<\/strong><br>Tous les contenus pr\u00e9sents sur le site <strong>Girgravure.fr<\/strong> (textes, images, logos, etc.) sont prot\u00e9g\u00e9s par le droit d&rsquo;auteur et la propri\u00e9t\u00e9 intellectuelle. Toute reproduction ou utilisation sans autorisation est interdite.<\/p>\n<p><strong>5. Donn\u00e9es personnelles et obligations RGPD<\/strong><br>Le site <strong>Girgravure.fr<\/strong> ne collecte pas de donn\u00e9es personnelles sans consentement. Conform\u00e9ment \u00e0 la loi Informatique et Libert\u00e9s et au RGPD, vous disposez d\u2019un droit d\u2019acc\u00e8s, de rectification, de suppression et de portabilit\u00e9 des donn\u00e9es vous concernant. Vous avez \u00e9galement le droit de vous opposer ou de limiter le traitement de vos donn\u00e9es.<\/p>\n<p>Les donn\u00e9es personnelles \u00e9ventuellement collect\u00e9es ne sont conserv\u00e9es que pour la dur\u00e9e strictement n\u00e9cessaire aux finalit\u00e9s pour lesquelles elles sont trait\u00e9es. En cas de violation des donn\u00e9es, une notification sera faite aux autorit\u00e9s comp\u00e9tentes conform\u00e9ment aux exigences du RGPD.<\/p>\n<p>Pour exercer ces droits ou poser des questions sur la gestion de vos donn\u00e9es personnelles, vous pouvez contacter : contact@girgravure.fr<\/p>\n<p><strong>6. Cookies<\/strong><br>Le site <strong>Girgravure.fr<\/strong> peut \u00eatre amen\u00e9 \u00e0 utiliser des cookies pour am\u00e9liorer l\u2019exp\u00e9rience utilisateur. Vous pouvez configurer votre navigateur pour les accepter ou les refuser.<\/p>\n<p><strong>7. Responsabilit\u00e9<\/strong><br>L\u2019\u00e9diteur du site ne saurait \u00eatre tenu responsable en cas d\u2019erreurs, d\u2019interruptions ou de dommages directs ou indirects li\u00e9s \u00e0 l\u2019utilisation du site <strong>Girgravure.fr<\/strong>.<\/p>\n<p><strong>8. Contact<\/strong><br>Pour toute question ou demande d\u2019information, vous pouvez nous contacter \u00e0 l\u2019adresse suivante : contact@girgravure.fr<\/p>\t\t\t\t\t\t\t\t<\/div>\n\t\t\t\t<\/div>\n\t\t\t\t\t<\/div>\n\t\t\t\t<\/div>\n\t\t\t\t<\/div>\n\t\t","protected":false},"excerpt":{"rendered":"<p>1. Pr\u00e9sentation du siteLe site internet Girgravure.fr est un site non-marchand appartenant \u00e0 : Entreprise : Gir GravurePropri\u00e9taire : M. Vincent RICHARDSi\u00e8ge social : 81 rue Jean-Baptiste Defernez, 62800 Li\u00e9vinEmail :&nbsp;contact@girgravure.fr 2. Responsable de la publicationM. Vincent RICHARD est le responsable de la publication du site Girgravure.fr. 3. H\u00e9bergementLe site Girgravure.fr est h\u00e9berg\u00e9 par : [&hellip;]<\/p>\n","protected":false},"author":2,"featured_media":0,"parent":0,"menu_order":0,"comment_status":"closed","ping_status":"closed","template":"","meta":{"footnotes":""},"class_list":["post-438","page","type-page","status-publish","hentry"],"_links":{"self":[{"href":"https:\/\/girgravure.fr\/index.php\/wp-json\/wp\/v2\/pages\/438","targetHints":{"allow":["GET"]}}],"collection":[{"href":"https:\/\/girgravure.fr\/index.php\/wp-json\/wp\/v2\/pages"}],"about":[{"href":"https:\/\/girgravure.fr\/index.php\/wp-json\/wp\/v2\/types\/page"}],"author":[{"embeddable":true,"href":"https:\/\/girgravure.fr\/index.php\/wp-json\/wp\/v2\/users\/2"}],"replies":[{"embeddable":true,"href":"https:\/\/girgravure.fr\/index.php\/wp-json\/wp\/v2\/comments?post=438"}],"version-history":[{"count":4,"href":"https:\/\/girgravure.fr\/index.php\/wp-json\/wp\/v2\/pages\/438\/revisions"}],"predecessor-version":[{"id":442,"href":"https:\/\/girgravure.fr\/index.php\/wp-json\/wp\/v2\/pages\/438\/revisions\/442"}],"wp:attachment":[{"href":"https:\/\/girgravure.fr\/index.php\/wp-json\/wp\/v2\/media?parent=438"}],"curies":[{"name":"wp","href":"https:\/\/api.w.org\/{rel}","templated":true}]}}